{"id":6030,"date":"2023-07-28T12:18:39","date_gmt":"2023-07-28T10:18:39","guid":{"rendered":"https:\/\/www.cortex.cz\/?page_id=6030"},"modified":"2024-08-27T16:05:29","modified_gmt":"2024-08-27T14:05:29","slug":"test-formular","status":"publish","type":"page","link":"https:\/\/www.cortex.cz\/en\/test-formular\/","title":{"rendered":"Test formul\u00e1\u0159"},"content":{"rendered":"<h4>\n\t\tSPOLEHN\u011aTE SE NA CORTEX\n\t<\/h4>\n<h2>\n\t\tNapi\u0161te n\u00e1m\n\t<\/h2>\n<form action=\"\">\n\t<input type=\"hidden\" name=\"fl-layout-id\" value=\"6030\" \/>\n\t\t\t\tVypl\u0148te sv\u00e9 kontaktn\u00ed \u00fadaje a my V\u00e1m zodpov\u00edme v\u0161echny ot\u00e1zky o z\u00e1kaznick\u00e9m servisu a zpracov\u00e1n\u00ed komunikace.\nNa\u0161e projektov\u00e1 mana\u017eerka V\u00e1s bude brzy kontaktovat.\n\n    \t\t<label for=\"pp-name-\">Va\u0161e jm\u00e9no<\/label>\n    \t\tPlease enter your name.\n    \t\t<input type=\"text\" name=\"pp-name\" id=\"pp-name-\" value=\"\" placeholder=\"Va\u0161e jm\u00e9no\"  \/>\n    \t\t<label for=\"pp-email-\">Emailov\u00e1 adresa<\/label>\n    \t\tPlease enter a valid email address.\n    \t\t<input type=\"email\" name=\"pp-email\" id=\"pp-email-\" value=\"\" placeholder=\"Emailov\u00e1 adresa\"  \/>\n    \t\t<label for=\"pp-phone-\">Telefonn\u00ed \u010d\u00edslo<\/label>\n    \t\tPlease enter a valid phone number.\n    \t\t<input type=\"tel\" name=\"pp-phone\" id=\"pp-phone-\" value=\"\" placeholder=\"Telefonn\u00ed \u010d\u00edslo\"  \/>\n    \t\t<label for=\"pp-message-\">Va\u0161e zpr\u00e1va<\/label>\n    \t\tPlease type your message.\n    \t\t<textarea name=\"pp-message\" id=\"pp-message-\" placeholder=\"Va\u0161e zpr\u00e1va\"><\/textarea>\n\t\t\t<p>Please check the captcha to verify you are not a robot.<\/p>\n\t\t<input type=\"checkbox\" name=\"pp-checkbox\" id=\"pp-checkbox_\" value=\"1\" \/>\n\t\t<label for=\"pp-checkbox_\">Souhlas\u00edm se zpracov\u00e1n\u00edm osobn\u00edch \u00fadaj\u016f v souladu s dokumentem Ochrana soukrom\u00ed.<\/label>\n\t\tPlease check this field.\n    \t<a href=\"#\" target=\"_self\" role=\"button\" rel=\"noopener\">\n    \t\t    \t\t    \t\tODESLAT\n    \t\t    \t<\/a>\n\t\t\tData se nepoda\u0159ilo ulo\u017eit. Zkuste to pros\u00edm znovu.\n<input type=\"hidden\" name=\"trp-form-language\" value=\"en\"\/><\/form>\n  <p>D\u011bkujeme! Ozveme se co nejd\u0159\u00edve.<\/p>","protected":false},"excerpt":{"rendered":"<p>SPOLEHN\u011aTE SE NA CORTEX Napi\u0161te n\u00e1m Vypl\u0148te sv\u00e9 kontaktn\u00ed \u00fadaje a my V\u00e1m zodpov\u00edme v\u0161echny ot\u00e1zky o z\u00e1kaznick\u00e9m servisu a zpracov\u00e1n\u00ed komunikace. Na\u0161e projektov\u00e1 mana\u017eerka V\u00e1s bude brzy kontaktovat. Va\u0161e jm\u00e9no Please enter your name. Emailov\u00e1 adresa Please enter a valid email address. Telefonn\u00ed \u010d\u00edslo Please enter a valid phone number. Va\u0161e zpr\u00e1va Please type&hellip;<\/p>","protected":false},"author":2,"featured_media":0,"parent":0,"menu_order":0,"comment_status":"closed","ping_status":"closed","template":"tpl-no-header-footer.php","meta":{"footnotes":""},"_links":{"self":[{"href":"https:\/\/www.cortex.cz\/en\/wp-json\/wp\/v2\/pages\/6030"}],"collection":[{"href":"https:\/\/www.cortex.cz\/en\/wp-json\/wp\/v2\/pages"}],"about":[{"href":"https:\/\/www.cortex.cz\/en\/wp-json\/wp\/v2\/types\/page"}],"author":[{"embeddable":true,"href":"https:\/\/www.cortex.cz\/en\/wp-json\/wp\/v2\/users\/2"}],"replies":[{"embeddable":true,"href":"https:\/\/www.cortex.cz\/en\/wp-json\/wp\/v2\/comments?post=6030"}],"version-history":[{"count":2,"href":"https:\/\/www.cortex.cz\/en\/wp-json\/wp\/v2\/pages\/6030\/revisions"}],"predecessor-version":[{"id":6032,"href":"https:\/\/www.cortex.cz\/en\/wp-json\/wp\/v2\/pages\/6030\/revisions\/6032"}],"wp:attachment":[{"href":"https:\/\/www.cortex.cz\/en\/wp-json\/wp\/v2\/media?parent=6030"}],"curies":[{"name":"wp","href":"https:\/\/api.w.org\/{rel}","templated":true}]}}