{"id":4596,"date":"2021-03-04T12:13:40","date_gmt":"2021-03-04T11:13:40","guid":{"rendered":"https:\/\/www.cortex.cz\/?page_id=4596"},"modified":"2022-04-10T10:17:44","modified_gmt":"2022-04-10T08:17:44","slug":"privacy-policy-cookie-use","status":"publish","type":"page","link":"https:\/\/www.cortex.cz\/en\/privacy-policy-cookie-use\/","title":{"rendered":"Ochrana osobn\u00edch \u00fadaj\u016f a cookies"},"content":{"rendered":"<h1>\n\t\tOchrana osobn\u00edch \u00fadaj\u016f a vyu\u017eit\u00ed cookie soubor\u016f\n\t<\/h1>\n\t<h4>P\u00e9\u010de o Va\u0161e soukrom\u00ed a ochranu osobn\u00edch \u00fadaj\u016f je nezbytnou sou\u010d\u00e1st\u00ed nejen na\u0161\u00ed firemn\u00ed politiky, ale i uva\u017eov\u00e1n\u00ed ka\u017ed\u00e9ho, kdo se pod\u00edl\u00ed na tvorb\u011b platformy CareCloud.<\/h4>\n\t\t\t<a href=\"#article\" role=\"button\" target=\"_self\" onclick=\"\" rel=\"noopener\">\n\t\t\t\t\t\t\t\t\t\t\t\t\t\t\t\t\t\t\t\t\t\tZjistit v\u00edce\n\t\t\t\t\t\t\t<\/a>\n\t\t\t<a href=\"mailto:dpo@cortex.cz\" role=\"button\" target=\"_self\" onclick=\"\" rel=\"noopener\">\n\t\t\t\t\t\t\t\t\t\t\t\t\t\t\t\t\t\t\t\t\t\tKontaktovat\n\t\t\t\t\t\t\t<\/a>\n<h4>\n\t\tPrivacy Policy and Use of Cookies\n\t<\/h4>\n<h4>\n\t\t\u010cl\u00e1nek 1\n\t<\/h4>\n<h2>\n\t\tIdentifikace zpracovatele osobn\u00edch \u00fadaj\u016f a relevantn\u00ed pr\u00e1vn\u00ed \u00fapravy\n\t<\/h2>\n\t<p>Zna\u010dka Cortex a tato webov\u00e1 str\u00e1nka cortex.cz (d\u00e1le jen &#8222;webov\u00e1 str\u00e1nka&#8220;) je provozov\u00e1na spole\u010dnost\u00ed Cortex, a.s. se s\u00eddlem U Elektry 974\/1c, Praha 9, 190 00 v \u010cesk\u00e9 republice s identifika\u010dn\u00edm \u010d\u00edslem 471 256 16, d\u00e1le jen &#8222;Cortex&#8220;<\/p>\n<p>&nbsp;<\/p>\n<p>Tento dokument informuje o spr\u00e1v\u011b osobn\u00edch \u00fadaj\u016f, ochran\u011b osobn\u00edch \u00fadaj\u016f a pou\u017eit\u00ed cookie soubor\u016f spole\u010dnost\u00ed Cortex v souladu s GDPR (P\u0159edpis Evropsk\u00e9 Unie 2016\/679) a dal\u0161\u00edmi p\u0159edpisy upravuj\u00edc\u00edmi ochranu osobn\u00edch \u00fadaj\u016f. Cortex jedn\u00e1 jako zpracovatel osobn\u00edch \u00fadaj\u016f s ur\u010den\u00fdm pracovn\u00edkem ochrany osobn\u00edch \u00fadaj\u016f, kter\u00e9ho lze kontaktovat na <a href=\"mailto:dpo@cortex.cz\" target=\"_self\" rel=\"noopener\">dpo@cortex.cz<\/a>.<\/p>\n<p>&nbsp;<\/p>\n<p>Pros\u00edm, nevyu\u017e\u00edvejte webovou str\u00e1nku cortex.cz nebo na\u0161e slu\u017eby, pokud nesouhlas\u00edte s dokumentem o ochran\u011b osobn\u00edch \u00fadaj\u016f a vyu\u017eit\u00ed cookie soubor\u016f.<\/p>\n<h4>\n\t\t\u010cl\u00e1nek 2\n\t<\/h4>\n<h2>\n\t\tIdentifikace subjektu osobn\u00edch \u00fadaj\u016f\n\t<\/h2>\n\t<p>Cortex zpracov\u00e1v\u00e1 osobn\u00ed \u00fadaje v\u0161ech n\u00e1v\u0161t\u011bvn\u00edk\u016f webov\u00fdch str\u00e1nek, kte\u0159\u00ed souhlasili s dokumentem ochrany osobn\u00edch \u00fadaj\u016f a vyu\u017eit\u00ed cookie soubor\u016f. Cortex d\u00e1le zpracov\u00e1v\u00e1 osobn\u00ed \u00fadaje zaslan\u00e9 libovoln\u00fdm formul\u00e1\u0159em vlo\u017een\u00fdm do webov\u00fdch str\u00e1nek.<\/p>\n<p>&nbsp;<\/p>\n<p>Kdykoli Cortex ustanov\u00ed opr\u00e1vn\u011bn\u00fd z\u00e1jem a zp\u016fsob zpracov\u00e1n\u00ed osobn\u00edch \u00fadaj\u016f, st\u00e1v\u00e1 se spr\u00e1vcem osobn\u00edch \u00fadaj\u016f v souladu s \u00fa\u010delem a rozsahem poskytnut\u00fdch \u00fadaj\u016f.<\/p>\n<h4>\n\t\t\u010cl\u00e1nek 3\n\t<\/h4>\n<h2>\n\t\t\u00da\u010del zpracov\u00e1n\u00ed osobn\u00edch \u00fadaj\u016f\n\t<\/h2>\n\t<p>Cortex zpracov\u00e1v\u00e1 osobn\u00ed \u00fadaje za \u00fa\u010delem i) spln\u011bn\u00ed pr\u00e1vn\u00edch povinnost\u00ed, ii) marketingov\u00e9 komunikace, iii) p\u0159edsmluvn\u00ed komunikace, iv) n\u00e1bor\u016f, v) pln\u011bn\u00ed smluvn\u00edch vztah\u016f, vi) vylep\u0161en\u00ed zobrazovan\u00e9ho obsahu, vii) zabezpe\u010den\u00ed a viii) poskytnut\u00ed slu\u017eeb z\u00e1kaznick\u00e9ho servisu.<\/p>\n<p>&nbsp;<\/p>\n<p>D\u00e1le zpracov\u00e1v\u00e1me osobn\u00ed \u00fadaje pro detekci a prevenci poru\u0161en\u00ed podm\u00ednek poskytovan\u00fdch slu\u017eeb, zneu\u017eit\u00ed prvk\u016f a funkcionalit webov\u00fdch str\u00e1nek, poru\u0161en\u00ed z\u00e1kona, pokus\u016f o hacking a phishing \u010di jin\u00e9 po\u0161kozuj\u00edc\u00ed jedn\u00e1n\u00ed.<\/p>\n<h4>\n\t\t\u010cl\u00e1nek 4\n\t<\/h4>\n<h2>\n\t\tIdentifikace osobn\u00edch \u00fadaj\u016f\n\t<\/h2>\n\t<p>Osobn\u00ed \u00fadaje zpracov\u00e1van\u00e9 Cortexem mohou zahrnovat n\u00e1sleduj\u00edc\u00ed \u00fadaje:<\/p>\n<p>i) Identifikace za\u0159\u00edzen\u00ed v\u010detn\u011b IP adresy, verze prohl\u00ed\u017ee\u010de, za\u0159\u00edzen\u00ed, opera\u010dn\u00edho syst\u00e9mu, rozli\u0161en\u00ed obrazovky a prohl\u00ed\u017eec\u00ed trasy.<\/p>\n<p>ii) Behavior\u00e1ln\u00ed data v\u010detn\u011b data a \u010dasu n\u00e1v\u0161t\u011bvy, d\u00e9lky n\u00e1v\u0161t\u011bvy, nav\u0161t\u00edven\u00fdch str\u00e1nek, mno\u017estv\u00ed prohl\u00ed\u017een\u00fdch str\u00e1nek, po\u010dtu n\u00e1v\u0161t\u011bv, n\u00e1v\u0161t\u011bv z r\u016fzn\u00fdch za\u0159\u00edzen\u00ed a interakc\u00ed s prvky webov\u00fdch str\u00e1nek.<\/p>\n<p>iii) Demografick\u00e9 \u00fadaje v\u010detn\u011b n\u00e1rodnosti, v\u011bku, pohlav\u00ed a geografick\u00e9 oblasti.<\/p>\n<p>iv) V\u0161echny \u00fadaje odeslan\u00e9 formul\u00e1\u0159i vlo\u017een\u00fdmi do webov\u00fdch str\u00e1nek v\u010detn\u011b, av\u0161ak ne v\u00fdlu\u010dn\u011b, jm\u00e9na, emailov\u00e9 adresy, telefonn\u00edho \u010d\u00edsla, adresy, firmy a v\u0161echny \u00fadaje uveden\u00e9 v poli &#8222;Va\u0161e zpr\u00e1va&#8220; pop\u0159. libovoln\u00e9m ekvivalentn\u00edm ozna\u010den\u00ed takov\u00e9ho pole.<\/p>\n<h4>\n\t\t\u010cl\u00e1nek 5\n\t<\/h4>\n<h2>\n\t\tSd\u00edlen\u00ed osobn\u00edch \u00fadaj\u016f\n\t<\/h2>\n\t<p>Policie, \u010di jin\u00e9 st\u00e1tn\u00ed org\u00e1ny mohou po\u017e\u00e1dat o p\u0159\u00edstup k osobn\u00edm \u00fadaj\u016fm ve spr\u00e1v\u011b spole\u010dnosti Cortex. Cortex zp\u0159\u00edstupn\u00ed osobn\u00ed \u00fadaje policii, \u010di jin\u00fdm st\u00e1tn\u00edm org\u00e1n\u016fm v\u017edy, kdy je k tomu pr\u00e1vn\u011b povinen.<\/p>\n<p>&nbsp;<\/p>\n<p>Cortex spolupracuje se subdodavateli, kte\u0159\u00ed mohou zpracov\u00e1vat osobn\u00ed \u00fadaje jm\u00e9nem Cortexu. Subdodavatel\u00e9 jsou p\u0159edev\u0161\u00edm, av\u0161ak ne v\u00fdlu\u010dn\u011b, dodavatel\u00e9 cloudov\u00fdch a IT slu\u017eeb nebo poskytovatel\u00e9 marketingov\u00fdch slu\u017eeb. V\u0161ichni subdodavatel\u00e9 Cortexu jsou povinni \u0159\u00eddit se platn\u00fdmi p\u0159edpisy ochrany osobn\u00edch \u00fadaj\u016f.<\/p>\n<p>&nbsp;<\/p>\n<p>Cortex sd\u00edl\u00ed osobn\u00ed \u00fadaje s platformami pro analytick\u00e9, marketingov\u00e9 a funk\u010dn\u00ed \u00fa\u010dely. Sd\u00edlen\u00ed osobn\u00edch \u00fadaj\u016f s analytick\u00fdmi a marketingov\u00fdmi platformami je omezeno na nezbytn\u00e9 \u00fadaje pro jejich plnohodnotn\u00e9 fungov\u00e1n\u00ed.<\/p>\n<h4>\n\t\t\u010cl\u00e1nek 6\n\t<\/h4>\n<h2>\n\t\tPr\u00e1va subjektu osobn\u00edch \u00fadaj\u016f\n\t<\/h2>\n\t<p>Subjekt osobn\u00edch \u00fadaj\u016f m\u00e1 pr\u00e1vo se odhl\u00e1sit z marketingov\u00e9 komunikace vyu\u017eit\u00edm funkce &#8222;odhl\u00e1sit z odb\u011bru&#8220; poskytnut\u00e9 v samot\u00e9 marketingov\u00e9 komunikaci, nebo kontaktov\u00e1n\u00edm Cortexu na info@cortex.cz.<\/p>\n<p>&nbsp;<\/p>\nSubjekt osobn\u00edch \u00fadaj\u016f m\u00e1 n\u00e1sleduj\u00edc\u00ed pr\u00e1va:<br>\ni) pr\u00e1vo na p\u0159\u00edstup k osobn\u00edm \u00fadaj\u016fm,<br>\nii) pr\u00e1vo na opravu, resp. dopln\u011bn\u00ed,<br>\niii) pr\u00e1vo na v\u00fdmaz v souladu s pravidly \u010dl\u00e1nku 17 GDPR,<br>\niv) pr\u00e1vo na omezen\u00ed zpracov\u00e1n\u00ed,<br>\nv) obdr\u017eet kopii osobn\u00edch \u00fadaj\u016f,<br>\nvi) pr\u00e1vo vzn\u00e9st n\u00e1mitku.\n<p>&nbsp;<\/p>\n<p>Subjekt osobn\u00edch \u00fadaj\u016f m\u00e1 pr\u00e1vo odeslat st\u00ed\u017enost relevantn\u00edch org\u00e1n\u016fm ochrany osobn\u00edch \u00fadaj\u016f v \u010cesk\u00e9 republice.<\/p>\n<h4>\n\t\t\u010cl\u00e1nek 7\n\t<\/h4>\n<h2>\n\t\tBezpe\u010dnost osobn\u00edch \u00fadaj\u016f\n\t<\/h2>\n\t<p>Cortex implementoval v\u0161echny p\u0159im\u011b\u0159en\u00e9 mechanismy ochrany soukrom\u00ed a prevence neopr\u00e1vn\u011bn\u00e9ho p\u0159\u00edstupu k osobn\u00edm \u00fadaj\u016fm. Ochrana osobn\u00edch \u00fadaj\u016f se skl\u00e1d\u00e1 z organiza\u010dn\u00edch, technick\u00fdch a fyzick\u00fdch opat\u0159en\u00ed, kter\u00e9 jsou v souladu se sou\u010dasn\u00fdmi doporu\u010den\u00fdmi postupy pro zaji\u0161t\u011bn\u00ed dostate\u010dn\u00e9 \u00farovn\u011b ochrany.<\/p>\n<p>&nbsp;<\/p>\n<p>Implementovan\u00e1 opat\u0159en\u00ed nejsou pops\u00e1na v tomto ve\u0159ejn\u011b p\u0159\u00edstupn\u00e9m dokumentu z d\u016fvodu zachov\u00e1n\u00ed jejich schopnosti chr\u00e1nit zpracov\u00e1van\u00e9 osobn\u00ed \u00fadaje.<\/p>\n<h4>\n\t\t\u010cl\u00e1nek 8\n\t<\/h4>\n<h2>\n\t\tUchov\u00e1n\u00ed osobn\u00edch \u00fadaj\u016f\n\t<\/h2>\n\t<p>V\u0161echny osobn\u00ed \u00fadaje jsou uchov\u00e1ny po dobu nezbytnou pro napln\u011bn\u00ed \u00fa\u010delu pro kter\u00fd byly shrom\u00e1\u017ed\u011bny. Del\u0161\u00ed uchov\u00e1n\u00ed osobn\u00edch \u00fadaj\u016f je mo\u017en\u00e9 pouze v p\u0159\u00edpadech, kdy je takov\u00e9 uchov\u00e1n\u00ed vy\u017eadov\u00e1no relevantn\u00edmi p\u0159edpisy \u010di st\u00e1tn\u00edmi org\u00e1ny.<\/p>\n<p>&nbsp;<\/p>\n<p>\u00dadaje pro statistick\u00e9 a analytick\u00e9 \u00fa\u010dely jsou anonymizov\u00e1ny a n\u00e1sledn\u011b uchov\u00e1v\u00e1ny takov\u00fdm zp\u016fsobem, \u017ee je nelze p\u0159i\u0159adit ke konkr\u00e9tn\u00ed osob\u011b. Anonymizovan\u00e1 data ji\u017e nespadaj\u00ed do kategorie osobn\u00edch \u00fadaj\u016f, jsou tedy uchov\u00e1v\u00e1ny a zpracov\u00e1v\u00e1ny dle uv\u00e1\u017een\u00ed Cortexu.<\/p>\n<h4>\n\t\t\u010cl\u00e1nek 9\n\t<\/h4>\n<h2>\n\t\tPou\u017eit\u00ed soubor\u016f cookie\n\t<\/h2>\n\t<p>Cookie soubor je mal\u00fd textov\u00fd soubor obsahuj\u00edc\u00ed \u0159et\u011bzec znak\u016f pro jednozna\u010dnou identifikaci webov\u00e9ho prohl\u00ed\u017ee\u010de. Cookie soubory jsou odes\u00edl\u00e1ny webovou str\u00e1nkou \u010di t\u0159et\u00edmi stranami. V\u011bt\u0161ina webov\u00fdch prohl\u00ed\u017ee\u010d\u016f v z\u00e1kladn\u00edm nastaven\u00ed p\u0159ij\u00edmaj\u00ed soubory cookie automaticky, jeliko\u017e jsou \u010dasto nutn\u00e9 pro kompletn\u00ed funkcionalitu webov\u00fdch str\u00e1nek. Ve v\u011bt\u0161in\u011b p\u0159\u00edpad\u016f m\u016f\u017ee u\u017eivatel zm\u011bnit nastaven\u00ed webov\u00e9ho prohl\u00ed\u017ee\u010de tak, aby odm\u00edtal v\u0161echny cookie soubory, blokoval cookie soubory t\u0159et\u00edch stran, \u010di upozornil poka\u017ed\u00e9, kdy\u017e je cookie soubor odesl\u00e1n.<\/p>\n<p>&nbsp;<\/p>\n<p>Webov\u00e9 str\u00e1nky CareCloud vyu\u017e\u00edvaj\u00ed technick\u00e9 cookie soubory pro zaji\u0161t\u011bn\u00ed plynul\u00e9ho chodu a funk\u010dnosti v\u0161ech prvk\u016f webov\u00e9 str\u00e1nky. Webov\u00e9 str\u00e1nky d\u00e1le vyu\u017e\u00edvaj\u00ed analytick\u00e9 cookie z Google Analytics a marketingov\u00e9 cookie z Google Ads, Sklik, Facebook, Twitter a LinkedIn pro zaji\u0161t\u011bn\u00ed c\u00edlen\u00e9ho marketingu, m\u011b\u0159en\u00ed konverz\u00ed a pro zlep\u0161en\u00ed n\u00e1v\u0161t\u011bvnick\u00e9ho z\u00e1\u017eitku, \u010di personalizaci obsahu.<\/p>\n<p>&nbsp;<\/p>\n<p>V\u00edce informac\u00ed o fungov\u00e1n\u00ed cookie soubor\u016f a u\u017eivatelsk\u00fdch mo\u017enostech p\u0159i spr\u00e1v\u011b soubor\u016f cookie m\u016f\u017eete nal\u00e9zt na https:\/\/cs.wikipedia.org\/wiki\/HTTP_cookie.<\/p>\n<p>Pros\u00edme, nepou\u017e\u00edvejte CareCloud webov\u00e9 str\u00e1nky, nebo na\u0161e slu\u017eby, pokud nesouhlas\u00edte s pou\u017eit\u00edm cookie soubor\u016f.<\/p>\n<h4>\n\t\t\u010cl\u00e1nek 10\n\t<\/h4>\n<h2>\n\t\tCookies t\u0159et\u00edch stran\n\t<\/h2>\n\t<p>Cookies soubory t\u0159et\u00edch stran spl\u0148uj\u00ed pravidla pou\u017eit\u00ed cookies relevantn\u00ed t\u0159et\u00ed strany. Webov\u00e9 str\u00e1nky CareCloud vyu\u017e\u00edvaj\u00ed cookies soubory v\u011brohodn\u00fdch a seriozn\u00edch partner\u016f. N\u00e1sleduje seznam pravidel pou\u017eit\u00ed cookies soubor\u016f t\u0159et\u00edch stran <a href=\"https:\/\/www.facebook.com\/policy\/cookies\/\">Facebook<\/a>, <a href=\"https:\/\/policies.google.com\/technologies\/ads?hl=en-US\">Google Ads<\/a>, <a href=\"https:\/\/policies.google.com\/technologies\/cookies?hl=en-US\">Google Analytics<\/a>, <a href=\"https:\/\/www.linkedin.com\/legal\/cookie-policy\">LinkedIn<\/a>, <a href=\"https:\/\/www.seznam.cz\/reklama\/en\/obsahovy-web\/pravidla-reklamy\/gdpr\/\">Sklik<\/a>, and <a href=\"https:\/\/help.twitter.com\/en\/rules-and-policies\/twitter-cookies\">Twitter<\/a>.<\/p>\n<h4>\n\t\t\u010cl\u00e1nek 11\n\t<\/h4>\n<h2>\n\t\tZm\u011bny dokumentu\n\t<\/h2>\n\t<p>Tento dokument m\u016f\u017ee b\u00fdt Cortexem aktualizov\u00e1n bez p\u0159edchoz\u00edho upozorn\u011bn\u00ed. Aktualizovan\u00e1 verze nab\u00fdv\u00e1 platnosti a \u00fa\u010dinnosti v okam\u017eiku jej\u00edho zve\u0159ejn\u011bn\u00ed na webov\u00fdch str\u00e1nk\u00e1ch.<\/p>\n<h4>\n\t\tSPOLEHN\u011aTE SE NA CORTEX\n\t<\/h4>\n<h2>\n\t\tNapi\u0161te n\u00e1m\n\t<\/h2>\n<form action=\"\">\n\t<input type=\"hidden\" name=\"fl-layout-id\" value=\"4596\">\n    \n\t\n\tVypl\u0148te sv\u00e9 kontaktn\u00ed \u00fadaje a my V\u00e1m zodpov\u00edme v\u0161echny ot\u00e1zky o call centru, z\u00e1kaznick\u00e9m servisu a zpracov\u00e1n\u00ed komuniakce.\nNa\u0161e projektov\u00e1 mana\u017eerka V\u00e1s bude brzy kontaktovat.\n\t\n    \t\t<label for=\"pp-name-\">Va\u0161e jm\u00e9no<\/label>\n    \t\tPlease enter your name.\n    \t\t<input type=\"text\" name=\"pp-name\" id=\"pp-name-\" value=\"\" placeholder=\"Va\u0161e jm\u00e9no\">\n    \t\t<label for=\"pp-email-\">Emailov\u00e1 adresa<\/label>\n    \t\tPlease enter a valid email address.\n    \t\t<input type=\"email\" name=\"pp-email\" id=\"pp-email-\" value=\"\" placeholder=\"Emailov\u00e1 adresa\">\n    \t\t<label for=\"pp-phone-\">Telefonn\u00ed \u010d\u00edslo<\/label>\n    \t\tPlease enter a valid phone number.\n    \t\t<input type=\"tel\" name=\"pp-phone\" id=\"pp-phone-\" value=\"\" placeholder=\"Telefonn\u00ed \u010d\u00edslo\">\n    \t\t<label for=\"pp-message-\">Va\u0161e zpr\u00e1va<\/label>\n    \t\tPlease type your message.\n    \t\t<textarea name=\"pp-message\" id=\"pp-message-\" placeholder=\"Va\u0161e zpr\u00e1va\"><\/textarea>\n\t\t\t<p>Please check the captcha to verify you are not a robot.<\/p>\n\t\t<input type=\"checkbox\" name=\"pp-checkbox\" id=\"pp-checkbox_\" value=\"1\">\n\t\t<label for=\"pp-checkbox_\">Souhlas\u00edm se zpracov\u00e1n\u00edm osobn\u00edch \u00fadaj\u016f v souladu s dokumentem Ochrana soukrom\u00ed.<\/label>\n\t\tPlease check this field.\n    \t<a href=\"#\" target=\"_self\" role=\"button\" rel=\"noopener\">\n    \t\t    \t\t    \t\tODESLAT\n    \t\t    \t<\/a>\n\t\t\tWe could not save your data. Please try again.\n<input type=\"hidden\" name=\"trp-form-language\" value=\"en\"\/><\/form>\n  <p>D\u011bkujeme! Ozveme se co nejd\u0159\u00edve.<\/p>","protected":false},"excerpt":{"rendered":"<p>Ochrana osobn\u00edch \u00fadaj\u016f a vyu\u017eit\u00ed cookie soubor\u016f P\u00e9\u010de o Va\u0161e soukrom\u00ed a ochranu osobn\u00edch \u00fadaj\u016f je nezbytnou sou\u010d\u00e1st\u00ed nejen na\u0161\u00ed firemn\u00ed politiky, ale i uva\u017eov\u00e1n\u00ed ka\u017ed\u00e9ho, kdo se pod\u00edl\u00ed na tvorb\u011b platformy CareCloud. Zjistit v\u00edce Kontaktovat Privacy Policy and Use of Cookies \u010cl\u00e1nek 1 Identifikace zpracovatele osobn\u00edch \u00fadaj\u016f a relevantn\u00ed pr\u00e1vn\u00ed \u00fapravy Zna\u010dka Cortex a&hellip;<\/p>","protected":false},"author":2,"featured_media":0,"parent":0,"menu_order":0,"comment_status":"closed","ping_status":"closed","template":"","meta":{"footnotes":""},"_links":{"self":[{"href":"https:\/\/www.cortex.cz\/en\/wp-json\/wp\/v2\/pages\/4596"}],"collection":[{"href":"https:\/\/www.cortex.cz\/en\/wp-json\/wp\/v2\/pages"}],"about":[{"href":"https:\/\/www.cortex.cz\/en\/wp-json\/wp\/v2\/types\/page"}],"author":[{"embeddable":true,"href":"https:\/\/www.cortex.cz\/en\/wp-json\/wp\/v2\/users\/2"}],"replies":[{"embeddable":true,"href":"https:\/\/www.cortex.cz\/en\/wp-json\/wp\/v2\/comments?post=4596"}],"version-history":[{"count":6,"href":"https:\/\/www.cortex.cz\/en\/wp-json\/wp\/v2\/pages\/4596\/revisions"}],"predecessor-version":[{"id":5191,"href":"https:\/\/www.cortex.cz\/en\/wp-json\/wp\/v2\/pages\/4596\/revisions\/5191"}],"wp:attachment":[{"href":"https:\/\/www.cortex.cz\/en\/wp-json\/wp\/v2\/media?parent=4596"}],"curies":[{"name":"wp","href":"https:\/\/api.w.org\/{rel}","templated":true}]}}